{"id":20342,"date":"2021-07-20T22:13:37","date_gmt":"2021-07-20T22:13:37","guid":{"rendered":"https:\/\/margarethbrand.com\/?page_id=20342"},"modified":"2021-07-20T22:30:18","modified_gmt":"2021-07-20T22:30:18","slug":"politica-de-cookies","status":"publish","type":"page","link":"https:\/\/margarethbrand.com\/index.php\/politica-de-cookies\/","title":{"rendered":"Pol\u00edtica de Cookies"},"content":{"rendered":"<p>[fusion_builder_container type=\u00bbflex\u00bb hundred_percent=\u00bbno\u00bb hundred_percent_height=\u00bbno\u00bb hundred_percent_height_scroll=\u00bbno\u00bb align_content=\u00bbstretch\u00bb flex_align_items=\u00bbflex-start\u00bb flex_justify_content=\u00bbflex-start\u00bb hundred_percent_height_center_content=\u00bbyes\u00bb equal_height_columns=\u00bbno\u00bb container_tag=\u00bbdiv\u00bb hide_on_mobile=\u00bbsmall-visibility,medium-visibility,large-visibility\u00bb status=\u00bbpublished\u00bb spacing_medium=\u00bb\u00bb spacing_small=\u00bb\u00bb padding_dimensions_medium=\u00bb\u00bb padding_dimensions_small=\u00bb\u00bb border_sizes=\u00bb\u00bb border_style=\u00bbsolid\u00bb box_shadow=\u00bbno\u00bb box_shadow_blur=\u00bb0&#8243; box_shadow_spread=\u00bb0&#8243; gradient_start_color=\u00bb\u00bb gradient_end_color=\u00bb\u00bb gradient_start_position=\u00bb0&#8243; gradient_end_position=\u00bb100&#8243; gradient_type=\u00bblinear\u00bb radial_direction=\u00bbcenter center\u00bb linear_angle=\u00bb180&#8243; background_position=\u00bbcenter center\u00bb background_repeat=\u00bbno-repeat\u00bb fade=\u00bbno\u00bb background_parallax=\u00bbnone\u00bb enable_mobile=\u00bbno\u00bb parallax_speed=\u00bb0.3&#8243; background_blend_mode=\u00bbnone\u00bb video_aspect_ratio=\u00bb16:9&#8243; video_loop=\u00bbyes\u00bb video_mute=\u00bbyes\u00bb render_logics=\u00bb\u00bb absolute=\u00bboff\u00bb absolute_devices=\u00bbsmall,medium,large\u00bb sticky=\u00bboff\u00bb sticky_devices=\u00bbsmall-visibility,medium-visibility,large-visibility\u00bb sticky_transition_offset=\u00bb0&#8243; scroll_offset=\u00bb0&#8243; animation_direction=\u00bbleft\u00bb animation_speed=\u00bb0.3&#8243; filter_hue=\u00bb0&#8243; filter_saturation=\u00bb100&#8243; filter_brightness=\u00bb100&#8243; filter_contrast=\u00bb100&#8243; filter_invert=\u00bb0&#8243; filter_sepia=\u00bb0&#8243; filter_opacity=\u00bb100&#8243; filter_blur=\u00bb0&#8243; filter_hue_hover=\u00bb0&#8243; filter_saturation_hover=\u00bb100&#8243; filter_brightness_hover=\u00bb100&#8243; filter_contrast_hover=\u00bb100&#8243; filter_invert_hover=\u00bb0&#8243; filter_sepia_hover=\u00bb0&#8243; filter_opacity_hover=\u00bb100&#8243; filter_blur_hover=\u00bb0&#8243;][fusion_builder_row][fusion_builder_column type=\u00bb1_1&#8243; align_self=\u00bbauto\u00bb content_layout=\u00bbcolumn\u00bb align_content=\u00bbflex-start\u00bb valign_content=\u00bbflex-start\u00bb content_wrap=\u00bbwrap\u00bb spacing=\u00bb\u00bb center_content=\u00bbno\u00bb link=\u00bb\u00bb target=\u00bb_self\u00bb min_height=\u00bb\u00bb hide_on_mobile=\u00bbsmall-visibility,medium-visibility,large-visibility\u00bb sticky_display=\u00bbnormal,sticky\u00bb class=\u00bb\u00bb id=\u00bb\u00bb type_medium=\u00bb\u00bb type_small=\u00bb\u00bb type=\u00bb1_1&#8243; order_medium=\u00bb0&#8243; order_small=\u00bb0&#8243; dimension_spacing_medium=\u00bb\u00bb dimension_spacing_small=\u00bb\u00bb dimension_spacing=\u00bb\u00bb dimension_margin_medium=\u00bb\u00bb dimension_margin_small=\u00bb\u00bb dimension_margin=\u00bb\u00bb padding_medium=\u00bb\u00bb padding_small=\u00bb\u00bb padding=\u00bb\u00bb hover_type=\u00bbnone\u00bb border_sizes=\u00bb\u00bb border_color=\u00bb\u00bb border_style=\u00bbsolid\u00bb border_radius=\u00bb\u00bb box_shadow=\u00bbno\u00bb dimension_box_shadow=\u00bb\u00bb box_shadow_blur=\u00bb0&#8243; box_shadow_spread=\u00bb0&#8243; box_shadow_color=\u00bb\u00bb box_shadow_style=\u00bb\u00bb background_type=\u00bbsingle\u00bb gradient_start_color=\u00bb\u00bb gradient_end_color=\u00bb\u00bb gradient_start_position=\u00bb0&#8243; gradient_end_position=\u00bb100&#8243; gradient_type=\u00bblinear\u00bb radial_direction=\u00bbcenter center\u00bb linear_angle=\u00bb180&#8243; background_color=\u00bb\u00bb background_image=\u00bb\u00bb background_image_id=\u00bb\u00bb background_position=\u00bbleft top\u00bb background_repeat=\u00bbno-repeat\u00bb background_blend_mode=\u00bbnone\u00bb render_logics=\u00bb\u00bb filter_type=\u00bbregular\u00bb filter_hue=\u00bb0&#8243; filter_saturation=\u00bb100&#8243; filter_brightness=\u00bb100&#8243; filter_contrast=\u00bb100&#8243; filter_invert=\u00bb0&#8243; filter_sepia=\u00bb0&#8243; filter_opacity=\u00bb100&#8243; filter_blur=\u00bb0&#8243; filter_hue_hover=\u00bb0&#8243; filter_saturation_hover=\u00bb100&#8243; filter_brightness_hover=\u00bb100&#8243; filter_contrast_hover=\u00bb100&#8243; filter_invert_hover=\u00bb0&#8243; filter_sepia_hover=\u00bb0&#8243; filter_opacity_hover=\u00bb100&#8243; filter_blur_hover=\u00bb0&#8243; animation_type=\u00bb\u00bb animation_direction=\u00bbleft\u00bb animation_speed=\u00bb0.3&#8243; animation_offset=\u00bb\u00bb last=\u00bbno\u00bb border_position=\u00bball\u00bb][fusion_title title_type=\u00bbtext\u00bb rotation_effect=\u00bbbounceIn\u00bb display_time=\u00bb1200&#8243; highlight_effect=\u00bbcircle\u00bb loop_animation=\u00bboff\u00bb highlight_width=\u00bb9&#8243; highlight_top_margin=\u00bb0&#8243; before_text=\u00bb\u00bb rotation_text=\u00bb\u00bb highlight_text=\u00bb\u00bb after_text=\u00bb\u00bb title_link=\u00bboff\u00bb link_url=\u00bb\u00bb link_target=\u00bb_self\u00bb content_align_medium=\u00bb\u00bb content_align_small=\u00bb\u00bb content_align=\u00bbleft\u00bb size=\u00bb1&#8243; font_size=\u00bb\u00bb animated_font_size=\u00bb\u00bb line_height=\u00bb\u00bb letter_spacing=\u00bb\u00bb text_shadow=\u00bbno\u00bb text_shadow_blur=\u00bb0&#8243; text_shadow_color=\u00bb\u00bb dimensions_medium=\u00bb\u00bb dimensions_small=\u00bb\u00bb text_color=\u00bb\u00bb animated_text_color=\u00bb\u00bb gradient_font=\u00bbno\u00bb gradient_start_color=\u00bb\u00bb gradient_end_color=\u00bb\u00bb gradient_start_position=\u00bb0&#8243; gradient_end_position=\u00bb100&#8243; gradient_type=\u00bblinear\u00bb radial_direction=\u00bbcenter center\u00bb linear_angle=\u00bb180&#8243; highlight_color=\u00bb\u00bb style_type=\u00bbdefault\u00bb sep_color=\u00bb\u00bb link_color=\u00bb\u00bb link_hover_color=\u00bb\u00bb animation_type=\u00bb\u00bb animation_direction=\u00bbleft\u00bb animation_speed=\u00bb0.3&#8243; animation_offset=\u00bb\u00bb hide_on_mobile=\u00bbsmall-visibility,medium-visibility,large-visibility\u00bb sticky_display=\u00bbnormal,sticky\u00bb class=\u00bb\u00bb id=\u00bb\u00bb]Pol\u00edtica de Cookies[\/fusion_title][fusion_text columns=\u00bb\u00bb column_min_width=\u00bb\u00bb column_spacing=\u00bb\u00bb rule_style=\u00bbdefault\u00bb rule_size=\u00bb\u00bb rule_color=\u00bb\u00bb font_size=\u00bb\u00bb line_height=\u00bb\u00bb letter_spacing=\u00bb\u00bb text_color=\u00bb\u00bb content_alignment_medium=\u00bb\u00bb content_alignment_small=\u00bb\u00bb content_alignment=\u00bb\u00bb animation_type=\u00bb\u00bb animation_direction=\u00bbleft\u00bb animation_speed=\u00bb0.3&#8243; animation_offset=\u00bb\u00bb hide_on_mobile=\u00bbsmall-visibility,medium-visibility,large-visibility\u00bb sticky_display=\u00bbnormal,sticky\u00bb class=\u00bb\u00bb id=\u00bb\u00bb]<\/p>\n<p><b>\u00bfQu\u00e9 son las cookies?<\/b><br \/>En ingl\u00e9s, el t\u00e9rmino \u201ccookie\u201d significa galleta, pero en el \u00e1mbito de la navegaci\u00f3n web, una \u201ccookie\u201d es algo completamente distinto.<br \/>Cuando accedes a nuestra web, en el navegador de tu dispositivo se almacena una peque\u00f1a cantidad de texto que se denomina \u201ccookie\u201d. Este texto contiene informaci\u00f3n variada sobre tu navegaci\u00f3n, h\u00e1bitos, preferencias, personalizaciones de contenidos, etc\u2026<\/p>\n<p>Existen otras tecnolog\u00edas que funcionan de manera similar y que tambi\u00e9n se usan para recopilar datos sobre tu actividad de navegaci\u00f3n. Llamaremos \u201ccookies\u201d a todas estas tecnolog\u00edas en su conjunto.<br \/>Los usos concretos que hacemos de estas tecnolog\u00edas se describen en el presente documento.<\/p>\n<p><b>\u00bfPara qu\u00e9 se utilizan las cookies en esta web?<br \/><\/b>Las cookies son una parte esencial de c\u00f3mo funciona nuestro sitio web. El objetivo principal de nuestras cookies es mejorar tu experiencia en la navegaci\u00f3n. Por ejemplo, para recordar tus preferencias (idioma, pa\u00eds, etc.) durante la navegaci\u00f3n y en futuras visitas. La informaci\u00f3n recogida en las cookies nos permite adem\u00e1s mejorar la web, adaptarla a tus intereses como usuario, acelerar las b\u00fasquedas que realices, etc..<br \/>En determinados casos, si hemos obtenido tu previo consentimiento informado, podremos utilizar cookies para otros usos, como por ejemplo para obtener informaci\u00f3n que nos permita mostrarte publicidad basada en el an\u00e1lisis de tus h\u00e1bitos de navegaci\u00f3n.<\/p>\n<p><b>\u00bfPara qu\u00e9 NO se utilizan las cookies en esta web?<\/b><br \/>En las cookies que utilizamos no se almacena informaci\u00f3n sensible de identificaci\u00f3n personal como tu nombre, direcci\u00f3n, tu contrase\u00f1a, etc\u2026<\/p>\n<p><b>\u00bfQui\u00e9n utiliza la informaci\u00f3n almacenada en las cookies?<\/b><br \/>La informaci\u00f3n almacenada en las cookies de nuestro sitio web es utilizada exclusivamente por nosotros, a excepci\u00f3n de aquellas identificadas m\u00e1s adelante como &#8216;cookie de terceros&#8217;, que son utilizadas y gestionadas por entidades externas que nos proporcionan servicios que mejoran la experiencia del usuario. Por ejemplo las estad\u00edsticas que se recogen sobre el n\u00famero de visitas, el contenido que m\u00e1s gusta, etc\u2026 lo suele gestionar GOOGLE ANALYTICS .<br \/>Las cookies de terceros tambi\u00e9n se suelen utilizar para garantizar las operaciones de pago realizadas a trav\u00e9s de la web.<\/p>\n<p><b>\u00bfC\u00f3mo puedo evitar el uso de cookies en este sitio web?<\/b><br \/>Si prefieres evitar el uso de las cookies, puedes RECHAZAR su uso o puedes CONFIGURAR las que quieres evitar y las que permites utilizar (en este documento te damos informaci\u00f3n ampliada al respecto de cada tipo de cookie, su finalidad, destinatario, temporalidad, etc\u2026 ).<br \/>Si las has aceptado, no volveremos a preguntarte a menos que borres las cookies en tu dispositivo seg\u00fan<br \/>se indica en el apartado siguiente.<br \/>Si quieres revocar el consentimiento tendr\u00e1s que eliminar las cookies y volver a configurarlas.<\/p>\n<p><b>\u00bfC\u00f3mo deshabilito y elimino la utilizaci\u00f3n de cookies?<\/b><br \/>Para restringir, bloquear o borrar las cookies de este sitio web (y las usada por terceros) puedes hacerlo, en cualquier momento, modificando la configuraci\u00f3n de tu navegador. Ten en cuenta que esta configuraci\u00f3n es diferente en cada navegador, si bien es habitual encontrar la configuraci\u00f3n de cookies en el men\u00fa &#8216;Preferencias&#8217; &#8216;Herramientas&#8217; \u201cOpciones\u201d y despu\u00e9s en \u201cPrivacidad y Seguridad\u201d \u00f3 en \u201cborrar datos de navegaci\u00f3n\u201d, etc\u2026<br \/>Para m\u00e1s detalle sobre la configuraci\u00f3n de las cookies en cada navegador, puedes consultar el men\u00fa &#8216;Ayuda&#8217; del mismo.<\/p>\n<p><b>\u00bfQu\u00e9 tipos de cookies se utilizan en esta p\u00e1gina web?<\/b><br \/>Cada p\u00e1gina web utiliza sus propias cookies. En nuestra web utilizamos las que se indican a continuaci\u00f3n:<br \/>SEG\u00daN LA ENTIDAD QUE LO GESTIONA<br \/>\u2022 Cookies propias:<br \/>son aquellas que se env\u00edan al equipo terminal del usuario desde un equipo o dominio gestionado por el propio editor y desde el que se presta el servicio solicitado por el usuario.<br \/>\u2022 Cookies de terceros:<br \/>son aquellas que se env\u00edan al equipo terminal del usuario desde un equipo o dominio que no es gestionado por el editor, sino por otra entidad que trata los datos obtenidos trav\u00e9s de las cookies.<br \/>En el caso de que las cookies sean servidas desde un equipo o dominio gestionado por el propio editor, pero la informaci\u00f3n que se recoja mediante estas sea gestionada por un tercero, no pueden ser consideradas como cookies propias si el tercero las utiliza para sus propias finalidades (por ejemplo, la mejora de los servicios que presta o la prestaci\u00f3n de servicios de car\u00e1cter publicitario a favor de otras entidades).<br \/>SEG\u00daN SU FINALIDAD <br \/>\u2022 Cookies t\u00e9cnicas:<br \/>son aquellas necesarias para la navegaci\u00f3n y el buen funcionamiento de nuestra p\u00e1gina web, como por ejemplo, controlar el tr\u00e1fico y la comunicaci\u00f3n de datos, identificar la sesi\u00f3n, acceder a partes de acceso restringido, recordar los elementos que integran un pedido, realizar el proceso de compra de un pedido, gestionar el pago, controlar el fraude vinculado a la seguridad del servicio, realizar la solicitud de inscripci\u00f3n o participaci\u00f3n en un evento, contar visitas a efectos de la facturaci\u00f3n de licencias del software con el que funciona el servicio (sitio web, plataforma o aplicaci\u00f3n), utilizar elementos de seguridad durante la navegaci\u00f3n, almacenar contenidos para la difusi\u00f3n de v\u00eddeos o sonido, habilitar contenidos din\u00e1micos (por ejemplo, animaci\u00f3n de carga de un texto o imagen) o compartir contenidos a trav\u00e9s de redes sociales.<br \/>\u2022 Cookies de an\u00e1lisis:<br \/>permiten cuantificar el n\u00famero de usuarios y as\u00ed realizar la medici\u00f3n y an\u00e1lisis estad\u00edstico de la utilizaci\u00f3n que hacen los usuarios del servicio ofertado. Para ello se analiza su navegaci\u00f3n en nuestra p\u00e1gina web con el fin de mejorar la oferta de productos o servicios que le ofrecemos.<br \/>\u2022 Cookies de preferencias o personalizaci\u00f3n:<br \/>son aquellas que permiten recordar informaci\u00f3n para que el usuario acceda al servicio con determinadas caracter\u00edsticas que pueden diferenciar su experiencia de la de otros usuarios, como, por ejemplo, el idioma, el n\u00famero de resultados a mostrar cuando el usuario realiza una b\u00fasqueda, el aspecto o contenido del servicio en funci\u00f3n del tipo de navegador a trav\u00e9s del cual el usuario accede al servicio o de la regi\u00f3n desde la que accede al servicio, etc.<br \/>\u2022 Publicitarias comportamentales:<br \/>son aquellas que, tratadas por nosotros o por terceros, nos permiten analizar sus h\u00e1bitos de navegaci\u00f3n en Internet para que podamos mostrarle publicidad relacionada con su perfil de navegaci\u00f3n.<br \/>SEG\u00daN EL PLAZO DE TIEMPO QUE PERMANECEN ACTIVADAS<br \/>\u2022 Cookies de sesi\u00f3n:<br \/>son aquellas dise\u00f1adas para recabar y almacenar datos mientras el usuario accede a una p\u00e1gina web. <span style=\"color: var(--body_typography-color); font-family: var(--body_typography-font-family); font-size: var(--body_typography-font-size); font-style: var(--body_typography-font-style,normal); font-weight: var(--body_typography-font-weight); letter-spacing: var(--body_typography-letter-spacing);\">Se suelen emplear para almacenar informaci\u00f3n que solo interesa conservar para la prestaci\u00f3n del <\/span><span style=\"color: var(--body_typography-color); font-family: var(--body_typography-font-family); font-size: var(--body_typography-font-size); font-style: var(--body_typography-font-style,normal); font-weight: var(--body_typography-font-weight); letter-spacing: var(--body_typography-letter-spacing);\">servicio solicitado por el usuario en una sola ocasi\u00f3n (por ejemplo, una lista de productos adquiridos) y <\/span><span style=\"color: var(--body_typography-color); font-family: var(--body_typography-font-family); font-size: var(--body_typography-font-size); font-style: var(--body_typography-font-style,normal); font-weight: var(--body_typography-font-weight); letter-spacing: var(--body_typography-letter-spacing);\">desaparecen al terminar la sesi\u00f3n.<\/span><\/p>\n<p>\u2022 Cookies persistentes:<br \/>son aquellas en las que los datos siguen almacenados en el terminal y pueden ser accedidos y tratados durante un periodo definido por el responsable de la cookie, y que puede ir de unos minutos a varios a\u00f1os. A este respecto debe valorarse espec\u00edficamente si es necesaria la utilizaci\u00f3n de cookies persistentes, puesto que los riesgos para la privacidad podr\u00edan reducirse mediante la utilizaci\u00f3n de cookies de sesi\u00f3n. En todo caso, cuando se instalen cookies persistentes, se recomienda reducir al m\u00ednimo necesario su duraci\u00f3n temporal atendiendo a la finalidad de su uso. A estos efectos, el Dictamen 4\/2012 del GT29 indic\u00f3 que para que una cookie pueda estar exenta del deber de consentimiento informado, su caducidad debe estar relacionada con su finalidad. Debido a ello, es mucho m\u00e1s probable que se consideren como exceptuadas las cookies de sesi\u00f3n que las persistentes.<\/p>\n<p><b>Detalle de cookies utilizadas en esta web:<\/b><\/p>\n<p><img decoding=\"async\" class=\"size-full wp-image-20344 aligncenter\" src=\"http:\/\/margarethbrand.com\/wp-content\/uploads\/2021\/07\/Captura-de-pantalla-2021-07-21-a-las-0.21.32.png\" alt=\"\" width=\"879\" height=\"427\" srcset=\"https:\/\/margarethbrand.com\/wp-content\/uploads\/2021\/07\/Captura-de-pantalla-2021-07-21-a-las-0.21.32-200x97.png 200w, https:\/\/margarethbrand.com\/wp-content\/uploads\/2021\/07\/Captura-de-pantalla-2021-07-21-a-las-0.21.32-300x146.png 300w, https:\/\/margarethbrand.com\/wp-content\/uploads\/2021\/07\/Captura-de-pantalla-2021-07-21-a-las-0.21.32-400x194.png 400w, https:\/\/margarethbrand.com\/wp-content\/uploads\/2021\/07\/Captura-de-pantalla-2021-07-21-a-las-0.21.32-500x243.png 500w, https:\/\/margarethbrand.com\/wp-content\/uploads\/2021\/07\/Captura-de-pantalla-2021-07-21-a-las-0.21.32-600x291.png 600w, https:\/\/margarethbrand.com\/wp-content\/uploads\/2021\/07\/Captura-de-pantalla-2021-07-21-a-las-0.21.32-700x340.png 700w, https:\/\/margarethbrand.com\/wp-content\/uploads\/2021\/07\/Captura-de-pantalla-2021-07-21-a-las-0.21.32-768x373.png 768w, https:\/\/margarethbrand.com\/wp-content\/uploads\/2021\/07\/Captura-de-pantalla-2021-07-21-a-las-0.21.32-800x389.png 800w, https:\/\/margarethbrand.com\/wp-content\/uploads\/2021\/07\/Captura-de-pantalla-2021-07-21-a-las-0.21.32.png 879w\" sizes=\"(max-width: 879px) 100vw, 879px\" \/> <img decoding=\"async\" class=\"size-full wp-image-20345 aligncenter\" src=\"http:\/\/margarethbrand.com\/wp-content\/uploads\/2021\/07\/Captura-de-pantalla-2021-07-21-a-las-0.21.51.png\" alt=\"\" width=\"878\" height=\"624\" srcset=\"https:\/\/margarethbrand.com\/wp-content\/uploads\/2021\/07\/Captura-de-pantalla-2021-07-21-a-las-0.21.51-200x142.png 200w, https:\/\/margarethbrand.com\/wp-content\/uploads\/2021\/07\/Captura-de-pantalla-2021-07-21-a-las-0.21.51-300x214.png 300w, https:\/\/margarethbrand.com\/wp-content\/uploads\/2021\/07\/Captura-de-pantalla-2021-07-21-a-las-0.21.51-400x284.png 400w, https:\/\/margarethbrand.com\/wp-content\/uploads\/2021\/07\/Captura-de-pantalla-2021-07-21-a-las-0.21.51-500x355.png 500w, https:\/\/margarethbrand.com\/wp-content\/uploads\/2021\/07\/Captura-de-pantalla-2021-07-21-a-las-0.21.51-600x426.png 600w, https:\/\/margarethbrand.com\/wp-content\/uploads\/2021\/07\/Captura-de-pantalla-2021-07-21-a-las-0.21.51-700x497.png 700w, https:\/\/margarethbrand.com\/wp-content\/uploads\/2021\/07\/Captura-de-pantalla-2021-07-21-a-las-0.21.51-768x546.png 768w, https:\/\/margarethbrand.com\/wp-content\/uploads\/2021\/07\/Captura-de-pantalla-2021-07-21-a-las-0.21.51-800x569.png 800w, https:\/\/margarethbrand.com\/wp-content\/uploads\/2021\/07\/Captura-de-pantalla-2021-07-21-a-las-0.21.51.png 878w\" sizes=\"(max-width: 878px) 100vw, 878px\" \/><\/p>\n<p>[\/fusion_text][\/fusion_builder_column][\/fusion_builder_row][\/fusion_builder_container]<\/p>\n","protected":false},"excerpt":{"rendered":"<p>[fusion_builder_container type=\u00bbflex\u00bb hundred_percent=\u00bbno\u00bb hundred_percent_height=\u00bbno\u00bb hundred_percent_height_scroll=\u00bbno\u00bb align_content=\u00bbstretch\u00bb flex_align_items=\u00bbflex-start\u00bb flex_justify_content=\u00bbflex-start\u00bb hundred_percent_height_center_content=\u00bbyes\u00bb equal_height_columns=\u00bbno\u00bb container_tag=\u00bbdiv\u00bb hide_on_mobile=\u00bbsmall-visibility,medium-visibility,large-visibility\u00bb status=\u00bbpublished\u00bb spacing_medium=\u00bb\u00bb spacing_small=\u00bb\u00bb padding_dimensions_medium=\u00bb\u00bb padding_dimensions_small=\u00bb\u00bb border_sizes=\u00bb\u00bb border_style=\u00bbsolid\u00bb box_shadow=\u00bbno\u00bb<\/p>\n","protected":false},"author":1,"featured_media":0,"parent":0,"menu_order":0,"comment_status":"closed","ping_status":"closed","template":"","meta":{"om_disable_all_campaigns":false,"_monsterinsights_skip_tracking":false,"_monsterinsights_sitenote_active":false,"_monsterinsights_sitenote_note":"","_monsterinsights_sitenote_category":0,"footnotes":""},"_links":{"self":[{"href":"https:\/\/margarethbrand.com\/index.php\/wp-json\/wp\/v2\/pages\/20342"}],"collection":[{"href":"https:\/\/margarethbrand.com\/index.php\/wp-json\/wp\/v2\/pages"}],"about":[{"href":"https:\/\/margarethbrand.com\/index.php\/wp-json\/wp\/v2\/types\/page"}],"author":[{"embeddable":true,"href":"https:\/\/margarethbrand.com\/index.php\/wp-json\/wp\/v2\/users\/1"}],"replies":[{"embeddable":true,"href":"https:\/\/margarethbrand.com\/index.php\/wp-json\/wp\/v2\/comments?post=20342"}],"version-history":[{"count":2,"href":"https:\/\/margarethbrand.com\/index.php\/wp-json\/wp\/v2\/pages\/20342\/revisions"}],"predecessor-version":[{"id":20346,"href":"https:\/\/margarethbrand.com\/index.php\/wp-json\/wp\/v2\/pages\/20342\/revisions\/20346"}],"wp:attachment":[{"href":"https:\/\/margarethbrand.com\/index.php\/wp-json\/wp\/v2\/media?parent=20342"}],"curies":[{"name":"wp","href":"https:\/\/api.w.org\/{rel}","templated":true}]}}